{"id":10596,"date":"2023-06-10T14:06:16","date_gmt":"2023-06-10T14:06:16","guid":{"rendered":"https:\/\/zenyachts.mgpg.it\/?post_type=product&#038;p=10596"},"modified":"2023-06-18T09:23:30","modified_gmt":"2023-06-18T09:23:30","slug":"pershing-40","status":"publish","type":"product","link":"https:\/\/zenyachts.it\/en\/prodotto\/pershing-40\/","title":{"rendered":"Pershing 40"},"content":{"rendered":"<p>Pershing 40 del 1991 una barca che ha fatto la storia della nautica italiana e che ancora oggi grazie alle linee ed alla qualit\u00e0 dei materiali usati \u00e8 molto richiesta dagli appassionati. L&#8217;imbarcazione in oggetto \u00e8 stata sempre ben curata e mantenuta dai vari proprietari e nel 2017 \u00e8 stato eseguito un refit completo che ha reso la barca come nuova. Seguita direttamente dalla nostra societ\u00e0 dal 2016.<\/p>\n<p><strong><em>Per informazioni contattare Maurizio Nesti al +39.328.703.80.72 o scrivete all&#8217;indirizzo\u00a0<a href=\"mailto:info@zenyachts.it\">info@zenyachts.it<\/a><\/em><\/strong><\/p>\n","protected":false},"excerpt":{"rendered":"<p>Pershing 40 del 1991 una barca che ha fatto la storia della nautica italiana e che ancora oggi grazie alle linee ed alla qualit\u00e0 dei materiali usati \u00e8 molto richiesta dagli appassionati.<\/p>\n","protected":false},"featured_media":10621,"comment_status":"open","ping_status":"closed","template":"","meta":[],"product_brand":[],"product_cat":[83,85,87],"product_tag":[],"class_list":{"0":"post-10596","1":"product","2":"type-product","3":"status-publish","4":"has-post-thumbnail","6":"product_cat-usato-in-vendita","7":"product_cat-natanti-inferiori-a-10-m","8":"product_cat-barche-vendute","10":"first","11":"instock","12":"shipping-taxable","13":"product-type-simple"},"acf":[],"_links":{"self":[{"href":"https:\/\/zenyachts.it\/en\/wp-json\/wp\/v2\/product\/10596","targetHints":{"allow":["GET"]}}],"collection":[{"href":"https:\/\/zenyachts.it\/en\/wp-json\/wp\/v2\/product"}],"about":[{"href":"https:\/\/zenyachts.it\/en\/wp-json\/wp\/v2\/types\/product"}],"replies":[{"embeddable":true,"href":"https:\/\/zenyachts.it\/en\/wp-json\/wp\/v2\/comments?post=10596"}],"version-history":[{"count":0,"href":"https:\/\/zenyachts.it\/en\/wp-json\/wp\/v2\/product\/10596\/revisions"}],"wp:featuredmedia":[{"embeddable":true,"href":"https:\/\/zenyachts.it\/en\/wp-json\/wp\/v2\/media\/10621"}],"wp:attachment":[{"href":"https:\/\/zenyachts.it\/en\/wp-json\/wp\/v2\/media?parent=10596"}],"wp:term":[{"taxonomy":"product_brand","embeddable":true,"href":"https:\/\/zenyachts.it\/en\/wp-json\/wp\/v2\/product_brand?post=10596"},{"taxonomy":"product_cat","embeddable":true,"href":"https:\/\/zenyachts.it\/en\/wp-json\/wp\/v2\/product_cat?post=10596"},{"taxonomy":"product_tag","embeddable":true,"href":"https:\/\/zenyachts.it\/en\/wp-json\/wp\/v2\/product_tag?post=10596"}],"curies":[{"name":"wp","href":"https:\/\/api.w.org\/{rel}","templated":true}]}}